{"id":421,"date":"2024-04-02T02:44:53","date_gmt":"2024-04-02T02:44:53","guid":{"rendered":"https:\/\/lucyshyn.ca\/?page_id=421"},"modified":"2024-04-02T02:44:57","modified_gmt":"2024-04-02T02:44:57","slug":"losiacsu-losyach-%d0%bb%d0%be%d1%81%d1%8f%d1%87","status":"publish","type":"page","link":"https:\/\/lucyshyn.ca\/?page_id=421","title":{"rendered":"\u0141osiacsu= Losyach = \u041b\u041e\u0421\u042f\u0427"},"content":{"rendered":"\n<p><strong><em>\u0141osiacsu = \u0141osiacz = Losja\u010d = Losyach = Losacz = Luczyce = \u041b\u041e\u0421\u042f\u0427<\/em><\/strong>  <\/p>\n\n\n\n<p>(48.91527, 26.08112)<\/p>\n\n\n\n<p><a href=\"https:\/\/uk.wikipedia.org\/wiki\/%D0%9B%D0%BE%D1%81%D1%8F%D1%87\">Losyach<\/a> is a small village located approximately 7 miles from Skala-Podol\u2019skaya and 8.2 miles from Borschiv. Losyach has approximately population of 1,252. with density of approximately 284 persons\/km2 <\/p>\n\n\n\n<p>Prior to 1785 the village was known as Rogozhna or Rogizne. Losyach is built near a lake which is approximately 3 km long. <\/p>\n\n\n\n<p>There is a historical church that stands above the lake and is considered as very picturesome and habitants of local villages and townships often choose to visit this place. Along side the church is an old mill.<\/p>\n\n\n\n<p><strong><em>Borshchivskyi = \u0411\u043e\u0440\u0449\u0456\u0432\u0441\u044c\u043a\u0438\u0439 = Borschiv<\/em><\/strong><\/p>\n\n\n\n<p>Is an administrative district (raion) within Ternopil Oblast (province) in western Ukraine. The area was a part of Galicia. There is also a city that is the administrative center of the district (raion) called Borshchiv. The area is approximately 1006 km2 with a total population of 75,358 and a density of 364 persons\/km2. <\/p>\n\n\n\n<p>Borshchivskyi contains approximately 70 villages and 2 urban-type settlements and only 1 city (Borshchiv).<\/p>\n\n\n\n<p><strong>Skala Podol\u2019skaya is the judicial and tax center for Borshchiv<\/strong>.<br><\/p>\n\n\n\n<p><strong><em>Ternopil Oblast = \u0422\u0435\u0440\u043d\u043e\u043f\u0456\u043b\u044c\u0441\u044c\u043a\u0430 \u043e\u0431\u043b\u0430\u0441\u0442\u044c = Ternopilshchyna<\/em><\/strong><br><\/p>\n\n\n\n<p>Is an oblast (province) of Ukraine. The administrative center is the city of Ternopil. Before World War I, the area of the oblast was ruled by Austria-Hungary; after that war Poland assumed the governing of the area, as part of the Tarnopol Voivodeship (prior to World War II).<\/p>\n","protected":false},"excerpt":{"rendered":"<p>\u0141osiacsu = \u0141osiacz = Losja\u010d = Losyach = Losacz = Luczyce = \u041b\u041e\u0421\u042f\u0427 (48.91527, 26.08112) Losyach is a small village located approximately 7 miles from Skala-Podol\u2019skaya and 8.2 miles from Borschiv. Losyach has approximately population of 1,252. with density of approximately 284 persons\/km2 Prior to 1785 the village was known as Rogozhna or Rogizne. Losyach [&hellip;]<\/p>\n","protected":false},"author":2,"featured_media":0,"parent":0,"menu_order":0,"comment_status":"closed","ping_status":"closed","template":"","meta":{"footnotes":""},"class_list":["post-421","page","type-page","status-publish","hentry"],"_links":{"self":[{"href":"https:\/\/lucyshyn.ca\/index.php?rest_route=\/wp\/v2\/pages\/421","targetHints":{"allow":["GET"]}}],"collection":[{"href":"https:\/\/lucyshyn.ca\/index.php?rest_route=\/wp\/v2\/pages"}],"about":[{"href":"https:\/\/lucyshyn.ca\/index.php?rest_route=\/wp\/v2\/types\/page"}],"author":[{"embeddable":true,"href":"https:\/\/lucyshyn.ca\/index.php?rest_route=\/wp\/v2\/users\/2"}],"replies":[{"embeddable":true,"href":"https:\/\/lucyshyn.ca\/index.php?rest_route=%2Fwp%2Fv2%2Fcomments&post=421"}],"version-history":[{"count":1,"href":"https:\/\/lucyshyn.ca\/index.php?rest_route=\/wp\/v2\/pages\/421\/revisions"}],"predecessor-version":[{"id":422,"href":"https:\/\/lucyshyn.ca\/index.php?rest_route=\/wp\/v2\/pages\/421\/revisions\/422"}],"wp:attachment":[{"href":"https:\/\/lucyshyn.ca\/index.php?rest_route=%2Fwp%2Fv2%2Fmedia&parent=421"}],"curies":[{"name":"wp","href":"https:\/\/api.w.org\/{rel}","templated":true}]}}